
{"id":35,"date":"2020-06-24T22:22:11","date_gmt":"2020-06-24T22:22:11","guid":{"rendered":"http:\/\/www.calpo.com.ar\/calpo\/?page_id=35"},"modified":"2024-09-25T11:33:00","modified_gmt":"2024-09-25T14:33:00","slug":"comision-directiva","status":"publish","type":"page","link":"http:\/\/www.calpo.com.ar\/calpo\/comision-directiva\/","title":{"rendered":"Comisi\u00f3n Directiva"},"content":{"rendered":"<div class=\"container\">\n<div class=\"row\">\n<div class=\"col-4 offset-1 text-center\"><img class=\"w-75 img-fluid rounded-circle mb-4\" src=\"http:\/\/www.calpo.com.ar\/calpo\/wp-content\/uploads\/2024\/04\/w-mastropietro.jpg\" alt=\"Presidente ing. Walter Mastropietro\" \/><\/p>\n<p>Presidente<\/p>\n<h5><small>Ing.<\/small> <strong>Walter Mastropietro<\/strong><\/h5>\n<p><small>Empresa Nueve de Julio SAT<\/small><\/p>\n<\/div>\n<div class=\"col-6\">\n<ul class=\"list-unstyled\">\n<li style=\"list-style-type: none;\">\n<ul class=\"list-unstyled\">\n<li>Vicepresidente 1\u00ba (Industria):<br \/>\nDiego Leonel Principi <small>&#8211; Madexa SA<\/small><\/li>\n<li>Vicepresidente 2\u00ba (Desarrollo y H\u00e1bitat):<br \/>\nMarcelo Mancuso <small>&#8211; Euritmia SRL<\/small><\/li>\n<li>Vicepresidente 3\u00ba (Producci\u00f3n):<br \/>\nMaximiliano Simonetti <small>&#8211; Asociaci\u00f3n de Productores Hort\u00edcolas de La Plata<\/small><\/li>\n<li>Vicepresidente 4\u00ba (Comercio):<br \/>\nMat\u00edas Picci <small>&#8211; Producciones Metal\u00fargicas SRL<\/small><\/li>\n<li>Vicepresidente 5\u00ba (Servicios):<br \/>\nOrlando Fletas <small>&#8211; Veolia SA<\/small><\/li>\n<li class=\"dropdown-divider\"><\/li>\n<li>Secretario 1\u00ba:<\/li>\n<li>Claudio Moretto <small>&#8211; Cer\u00e1mica Fanelli SA<\/small><\/li>\n<li>Secretario 2\u00ba:<\/li>\n<li>Mariano Busti <small>&#8211; \u00c1rea Productiva La Plata<\/small><\/li>\n<li>Secretario 3\u00ba:<\/li>\n<li>Emiliano Gabriel Carbonari <small>&#8211; Fondal SA<\/small><\/li>\n<\/ul>\n<\/li>\n<\/ul>\n<p><!--li>Pro-Secretario:<\/li>\n\n\n \t\n\n<li>Christian Gonzalo Taltabull <small>- Profesional Independiente<\/small><\/li>\n\n\n \t\n\n<li>Secretario de Actas:<\/li>\n\n\n \t\n\n<li>Facundo Orsetti <small>- Orsetti Propiedades<\/small><\/li-->\n<ul class=\"list-unstyled\">\n<li>Tesorero:<\/li>\n<li>Pablo Fernandio De Benedictis <small>&#8211; Good Energy SA<\/small><\/li>\n<li>Pro-Tesorero:<\/li>\n<li>Facundo Orsetti <small>&#8211; Orsetti Propiedades<\/small><\/li>\n<li class=\"dropdown-divider\"><\/li>\n<li>Director Titular 1 : Pablo Shur <small>&#8211; Coolpo SRL<\/small><\/li>\n<li>Director Titular 2 : Maria Fabiana Romero Huergo <small>&#8211; Laboratorio Labyco<\/small><\/li>\n<li>Director Titular 3 : Santos Jos\u00e9 Russo <small>&#8211; Segut\u00e9cnica SRL<\/small><\/li>\n<li>Director Titular 4 : Alejandro Salamone <small>&#8211; revista digital 90lineas.com<\/small><\/li>\n<li>Director Titular 5 : Marcos Nigro <small>&#8211; Banco Galicia<\/small><\/li>\n<li>Director Titular 6 : Gustavo Fern\u00e1ndez <small>&#8211; Distr. Pedidos sin gluten<\/small><\/li>\n<li>Director Titular 7 : Ana Orozco <small>&#8211; Polirubro OR-NE<\/small><\/li>\n<li>Director Titular 8 : Mart\u00edn Ranea <small>&#8211; Asociaci\u00f3n Amigos de Calle 12<\/small><\/li>\n<li>Director Titular 9 : Cristian Agustoni <small>&#8211; Cotea SA<\/small><\/li>\n<li>Director Titular 10 : Hugo Sampedro <small><\/small><\/li>\n<li class=\"dropdown-divider\"><\/li>\n<li>Director Suplentes: Sergio Sosa, Yolanda Guarnieri, Miguel Horacio Bergada, Juan Carlos Gatini, Leonardo Branchesi y Christian Taltabull.<\/li>\n<li>Comis\u00f3n de apoyo institucional: Nora Pr\u00edncipi, Rafael Garc\u00eda, Erica Romanatti y Fabi\u00e1n Asis<\/li>\n<\/ul>\n<\/div>\n<\/div>\n<\/div>\n","protected":false},"excerpt":{"rendered":"<p>Presidente Ing. Walter Mastropietro Empresa Nueve de Julio SAT Vicepresidente 1\u00ba (Industria): Diego Leonel Principi &#8211; Madexa SA Vicepresidente 2\u00ba (Desarrollo y H\u00e1bitat): Marcelo Mancuso &#8211; Euritmia SRL Vicepresidente 3\u00ba (Producci\u00f3n): Maximiliano Simonetti &#8211; Asociaci\u00f3n de Productores Hort\u00edcolas de La Plata Vicepresidente 4\u00ba (Comercio): Mat\u00edas Picci &#8211; Producciones Metal\u00fargicas SRL Vicepresidente 5\u00ba (Servicios): Orlando Fletas [&hellip;]<\/p>\n","protected":false},"author":1,"featured_media":625,"parent":0,"menu_order":0,"comment_status":"closed","ping_status":"closed","template":"","meta":[],"_links":{"self":[{"href":"http:\/\/www.calpo.com.ar\/calpo\/wp-json\/wp\/v2\/pages\/35"}],"collection":[{"href":"http:\/\/www.calpo.com.ar\/calpo\/wp-json\/wp\/v2\/pages"}],"about":[{"href":"http:\/\/www.calpo.com.ar\/calpo\/wp-json\/wp\/v2\/types\/page"}],"author":[{"embeddable":true,"href":"http:\/\/www.calpo.com.ar\/calpo\/wp-json\/wp\/v2\/users\/1"}],"replies":[{"embeddable":true,"href":"http:\/\/www.calpo.com.ar\/calpo\/wp-json\/wp\/v2\/comments?post=35"}],"version-history":[{"count":30,"href":"http:\/\/www.calpo.com.ar\/calpo\/wp-json\/wp\/v2\/pages\/35\/revisions"}],"predecessor-version":[{"id":688,"href":"http:\/\/www.calpo.com.ar\/calpo\/wp-json\/wp\/v2\/pages\/35\/revisions\/688"}],"wp:featuredmedia":[{"embeddable":true,"href":"http:\/\/www.calpo.com.ar\/calpo\/wp-json\/wp\/v2\/media\/625"}],"wp:attachment":[{"href":"http:\/\/www.calpo.com.ar\/calpo\/wp-json\/wp\/v2\/media?parent=35"}],"curies":[{"name":"wp","href":"https:\/\/api.w.org\/{rel}","templated":true}]}}